{"id":991,"date":"2015-02-03T19:00:15","date_gmt":"2015-02-03T19:00:15","guid":{"rendered":"https:\/\/www.liisbet.ee\/kontakt-2\/"},"modified":"2025-02-03T09:34:56","modified_gmt":"2025-02-03T07:34:56","slug":"kontakter","status":"publish","type":"page","link":"https:\/\/liisbet.ee\/sv\/kontakter\/","title":{"rendered":"Kontakter"},"content":{"rendered":"<p><div class=\"column one-second mobile-one\"><div class=\"mcb-column-inner\"><br \/>\n<strong>Liisbet Betoon O\u00dc<\/strong><\/p>\n<p><strong>Adress:<\/strong> Metsapunkti, Linna k\u00fcla, 41547 J\u00f5hvi vald, Ida-Virumaa, Estland<br \/>\n<strong>F\u00f6retagsnummer:<\/strong> 16163299<br \/>\n<strong>Kontonummer:<\/strong> EE124204278619620803<\/p>\n<p><strong>E-post:<\/strong> liisbet@liisbet.ee<br \/>\n<strong>Telefon:<\/strong> +372 5065675<\/p>\n<p><strong>Produktionschef: Toomas Tint<\/strong><\/p>\n<p><strong>E-post:<\/strong> toomas@liisbet.ee<\/p>\n<p><strong>Kvalitetsschef: Jekaterina Galkina<\/strong><\/p>\n<p><strong>E-post:<\/strong> jekaterina@liisbet.ee<\/p>\n<p><strong>Budgetansvarig: Olga Sultseng<\/strong><\/p>\n<p><strong>E-post:<\/strong> olga@liisbet.ee<br \/>\n<\/div><\/div>\n<br \/>\n<div class=\"column one-second mobile-one\"><div class=\"mcb-column-inner\"><br \/>\n\n<div class=\"wpcf7 no-js\" id=\"wpcf7-f995-o1\" lang=\"sv-SE\" dir=\"ltr\">\n<div class=\"screen-reader-response\"><p role=\"status\" aria-live=\"polite\" aria-atomic=\"true\"><\/p> <ul><\/ul><\/div>\n<form action=\"\/sv\/wp-json\/wp\/v2\/pages\/991#wpcf7-f995-o1\" method=\"post\" class=\"wpcf7-form init\" aria-label=\"Kontaktformul\u00e4r\" novalidate=\"novalidate\" data-status=\"init\">\n<div style=\"display: none;\">\n<input type=\"hidden\" name=\"_wpcf7\" value=\"995\" \/>\n<input type=\"hidden\" name=\"_wpcf7_version\" value=\"5.9.8\" \/>\n<input type=\"hidden\" name=\"_wpcf7_locale\" value=\"sv_SE\" \/>\n<input type=\"hidden\" name=\"_wpcf7_unit_tag\" value=\"wpcf7-f995-o1\" \/>\n<input type=\"hidden\" name=\"_wpcf7_container_post\" value=\"0\" \/>\n<input type=\"hidden\" name=\"_wpcf7_posted_data_hash\" value=\"\" \/>\n<input type=\"hidden\" name=\"_wpcf7_recaptcha_response\" value=\"\" \/>\n<\/div>\n<p><span class=\"wpcf7-form-control-wrap\" data-name=\"nimi\"><input size=\"40\" maxlength=\"400\" class=\"wpcf7-form-control wpcf7-text wpcf7-validates-as-required\" aria-required=\"true\" aria-invalid=\"false\" placeholder=\"Ditt namn *\" value=\"\" type=\"text\" name=\"nimi\" \/><\/span><br \/>\n<span class=\"wpcf7-form-control-wrap\" data-name=\"email\"><input size=\"40\" maxlength=\"400\" class=\"wpcf7-form-control wpcf7-email wpcf7-validates-as-required wpcf7-text wpcf7-validates-as-email\" aria-required=\"true\" aria-invalid=\"false\" placeholder=\"Din e-post *\" value=\"\" type=\"email\" name=\"email\" \/><\/span><br \/>\n<span class=\"wpcf7-form-control-wrap\" data-name=\"telefon\"><input size=\"40\" maxlength=\"400\" class=\"wpcf7-form-control wpcf7-text\" aria-invalid=\"false\" placeholder=\"Telefon\" value=\"\" type=\"text\" name=\"telefon\" \/><\/span><br \/>\n<span class=\"wpcf7-form-control-wrap\" data-name=\"kusimus\"><textarea cols=\"40\" rows=\"10\" maxlength=\"2000\" class=\"wpcf7-form-control wpcf7-textarea\" aria-invalid=\"false\" placeholder=\"Fr\u00e5ga\" name=\"kusimus\"><\/textarea><\/span><br \/>\n<input class=\"wpcf7-form-control wpcf7-submit has-spinner\" type=\"submit\" value=\"Skicka\" \/>\n<\/p><div class=\"wpcf7-response-output\" aria-hidden=\"true\"><\/div>\n<\/form>\n<\/div>\n<\/p>\n<p>Adressen av f\u00f6retagets O\u00dc Liisbet Betoon i J\u00f5hvi liggande fabrik \u00e4r Ida-Virumaa, J\u00f5hvi vald, Linna k\u00fcla. F\u00f6ra att ta sig dit: ge in i din smartphones Google Maps namnet Liisbet Invest och f\u00f6lj anvisningar.<br \/>\n<\/div><\/div>\n<\/p>\n","protected":false},"excerpt":{"rendered":"","protected":false},"author":1,"featured_media":0,"parent":0,"menu_order":0,"comment_status":"closed","ping_status":"closed","template":"","meta":{"ngg_post_thumbnail":0,"footnotes":""},"class_list":["post-991","page","type-page","status-publish","hentry"],"yoast_head":"<!-- This site is optimized with the Yoast SEO plugin v23.7 - https:\/\/yoast.com\/wordpress\/plugins\/seo\/ -->\n<title>Kontakter - Liisbet Betoon<\/title>\n<meta name=\"robots\" content=\"index, follow, max-snippet:-1, max-image-preview:large, max-video-preview:-1\" \/>\n<link rel=\"canonical\" href=\"https:\/\/liisbet.ee\/sv\/kontakter\/\" \/>\n<meta property=\"og:locale\" content=\"sv_SE\" \/>\n<meta property=\"og:type\" content=\"article\" \/>\n<meta property=\"og:title\" content=\"Kontakter - Liisbet Betoon\" \/>\n<meta property=\"og:url\" content=\"https:\/\/liisbet.ee\/sv\/kontakter\/\" \/>\n<meta property=\"og:site_name\" content=\"Liisbet Betoon\" \/>\n<meta property=\"article:modified_time\" content=\"2025-02-03T07:34:56+00:00\" \/>\n<meta name=\"twitter:card\" content=\"summary_large_image\" \/>\n<meta name=\"twitter:label1\" content=\"Ber\u00e4knad l\u00e4stid\" \/>\n\t<meta name=\"twitter:data1\" content=\"1 minut\" \/>\n<script type=\"application\/ld+json\" class=\"yoast-schema-graph\">{\"@context\":\"https:\/\/schema.org\",\"@graph\":[{\"@type\":\"WebPage\",\"@id\":\"https:\/\/liisbet.ee\/sv\/kontakter\/\",\"url\":\"https:\/\/liisbet.ee\/sv\/kontakter\/\",\"name\":\"Kontakter - Liisbet Betoon\",\"isPartOf\":{\"@id\":\"https:\/\/liisbet.ee\/#website\"},\"datePublished\":\"2015-02-03T19:00:15+00:00\",\"dateModified\":\"2025-02-03T07:34:56+00:00\",\"breadcrumb\":{\"@id\":\"https:\/\/liisbet.ee\/sv\/kontakter\/#breadcrumb\"},\"inLanguage\":\"sv-SE\",\"potentialAction\":[{\"@type\":\"ReadAction\",\"target\":[\"https:\/\/liisbet.ee\/sv\/kontakter\/\"]}]},{\"@type\":\"BreadcrumbList\",\"@id\":\"https:\/\/liisbet.ee\/sv\/kontakter\/#breadcrumb\",\"itemListElement\":[{\"@type\":\"ListItem\",\"position\":1,\"name\":\"Home\",\"item\":\"https:\/\/www.liisbet.ee\/sv\/\"},{\"@type\":\"ListItem\",\"position\":2,\"name\":\"Kontakter\"}]},{\"@type\":\"WebSite\",\"@id\":\"https:\/\/liisbet.ee\/#website\",\"url\":\"https:\/\/liisbet.ee\/\",\"name\":\"Liisbet Betoon\",\"description\":\"\",\"publisher\":{\"@id\":\"https:\/\/liisbet.ee\/#organization\"},\"potentialAction\":[{\"@type\":\"SearchAction\",\"target\":{\"@type\":\"EntryPoint\",\"urlTemplate\":\"https:\/\/liisbet.ee\/?s={search_term_string}\"},\"query-input\":{\"@type\":\"PropertyValueSpecification\",\"valueRequired\":true,\"valueName\":\"search_term_string\"}}],\"inLanguage\":\"sv-SE\"},{\"@type\":\"Organization\",\"@id\":\"https:\/\/liisbet.ee\/#organization\",\"name\":\"Liisbet Betoon\",\"url\":\"https:\/\/liisbet.ee\/\",\"logo\":{\"@type\":\"ImageObject\",\"inLanguage\":\"sv-SE\",\"@id\":\"https:\/\/liisbet.ee\/#\/schema\/logo\/image\/\",\"url\":\"https:\/\/liisbet.ee\/wp-content\/uploads\/Kiivrid-2.jpg\",\"contentUrl\":\"https:\/\/liisbet.ee\/wp-content\/uploads\/Kiivrid-2.jpg\",\"width\":4500,\"height\":3000,\"caption\":\"Liisbet Betoon\"},\"image\":{\"@id\":\"https:\/\/liisbet.ee\/#\/schema\/logo\/image\/\"}}]}<\/script>\n<!-- \/ Yoast SEO plugin. -->","yoast_head_json":{"title":"Kontakter - Liisbet Betoon","robots":{"index":"index","follow":"follow","max-snippet":"max-snippet:-1","max-image-preview":"max-image-preview:large","max-video-preview":"max-video-preview:-1"},"canonical":"https:\/\/liisbet.ee\/sv\/kontakter\/","og_locale":"sv_SE","og_type":"article","og_title":"Kontakter - Liisbet Betoon","og_url":"https:\/\/liisbet.ee\/sv\/kontakter\/","og_site_name":"Liisbet Betoon","article_modified_time":"2025-02-03T07:34:56+00:00","twitter_card":"summary_large_image","twitter_misc":{"Ber\u00e4knad l\u00e4stid":"1 minut"},"schema":{"@context":"https:\/\/schema.org","@graph":[{"@type":"WebPage","@id":"https:\/\/liisbet.ee\/sv\/kontakter\/","url":"https:\/\/liisbet.ee\/sv\/kontakter\/","name":"Kontakter - Liisbet Betoon","isPartOf":{"@id":"https:\/\/liisbet.ee\/#website"},"datePublished":"2015-02-03T19:00:15+00:00","dateModified":"2025-02-03T07:34:56+00:00","breadcrumb":{"@id":"https:\/\/liisbet.ee\/sv\/kontakter\/#breadcrumb"},"inLanguage":"sv-SE","potentialAction":[{"@type":"ReadAction","target":["https:\/\/liisbet.ee\/sv\/kontakter\/"]}]},{"@type":"BreadcrumbList","@id":"https:\/\/liisbet.ee\/sv\/kontakter\/#breadcrumb","itemListElement":[{"@type":"ListItem","position":1,"name":"Home","item":"https:\/\/www.liisbet.ee\/sv\/"},{"@type":"ListItem","position":2,"name":"Kontakter"}]},{"@type":"WebSite","@id":"https:\/\/liisbet.ee\/#website","url":"https:\/\/liisbet.ee\/","name":"Liisbet Betoon","description":"","publisher":{"@id":"https:\/\/liisbet.ee\/#organization"},"potentialAction":[{"@type":"SearchAction","target":{"@type":"EntryPoint","urlTemplate":"https:\/\/liisbet.ee\/?s={search_term_string}"},"query-input":{"@type":"PropertyValueSpecification","valueRequired":true,"valueName":"search_term_string"}}],"inLanguage":"sv-SE"},{"@type":"Organization","@id":"https:\/\/liisbet.ee\/#organization","name":"Liisbet Betoon","url":"https:\/\/liisbet.ee\/","logo":{"@type":"ImageObject","inLanguage":"sv-SE","@id":"https:\/\/liisbet.ee\/#\/schema\/logo\/image\/","url":"https:\/\/liisbet.ee\/wp-content\/uploads\/Kiivrid-2.jpg","contentUrl":"https:\/\/liisbet.ee\/wp-content\/uploads\/Kiivrid-2.jpg","width":4500,"height":3000,"caption":"Liisbet Betoon"},"image":{"@id":"https:\/\/liisbet.ee\/#\/schema\/logo\/image\/"}}]}},"_links":{"self":[{"href":"https:\/\/liisbet.ee\/sv\/wp-json\/wp\/v2\/pages\/991"}],"collection":[{"href":"https:\/\/liisbet.ee\/sv\/wp-json\/wp\/v2\/pages"}],"about":[{"href":"https:\/\/liisbet.ee\/sv\/wp-json\/wp\/v2\/types\/page"}],"author":[{"embeddable":true,"href":"https:\/\/liisbet.ee\/sv\/wp-json\/wp\/v2\/users\/1"}],"replies":[{"embeddable":true,"href":"https:\/\/liisbet.ee\/sv\/wp-json\/wp\/v2\/comments?post=991"}],"version-history":[{"count":5,"href":"https:\/\/liisbet.ee\/sv\/wp-json\/wp\/v2\/pages\/991\/revisions"}],"predecessor-version":[{"id":1389,"href":"https:\/\/liisbet.ee\/sv\/wp-json\/wp\/v2\/pages\/991\/revisions\/1389"}],"wp:attachment":[{"href":"https:\/\/liisbet.ee\/sv\/wp-json\/wp\/v2\/media?parent=991"}],"curies":[{"name":"wp","href":"https:\/\/api.w.org\/{rel}","templated":true}]}}