{"id":989,"date":"2015-02-03T17:42:45","date_gmt":"2015-02-03T17:42:45","guid":{"rendered":"https:\/\/www.liisbet.ee\/demoleht-2\/"},"modified":"2022-01-28T20:40:35","modified_gmt":"2022-01-28T18:40:35","slug":"demoleht","status":"publish","type":"page","link":"https:\/\/liisbet.ee\/sv\/","title":{"rendered":"Hem"},"content":{"rendered":"<p><div class=\"column one-second mobile-one\"><div class=\"mcb-column-inner\"><br \/>\nFabriken O\u00dc Liisbet Betoon J\u00f5hvi tillverkar olika betongprodukter sedan \u00e5r 2006. F\u00f6retaget har specialiserat sig p\u00e5 tillverkning av projektbaserade och arbetsintensiva komponenter. F\u00f6r byggmarknaden tillverkar vi huvudsakligen fundamentdetaljer, socklar, stolpar, balkar, bindbj\u00e4lkar osv. F\u00f6r infrastrukturf\u00f6retag tillverkas olika fundament f\u00f6r transformatorstationer och n\u00e4tverkskommunikationsenheter, v\u00e4gblockeringar, brunnar osv.<\/p>\n<p>Det har utf\u00e4rdats EU-certifikat f\u00f6r tillverkningskontroll som bekr\u00e4ftar att tillverkningen av f\u00e4rdiga betongprodukter, st\u00e5ngelement, trappor, v\u00e4ggelement, grundp\u00e5lar och fundamentelement av specialtyp \u00f6verensst\u00e4mmer med standarder.<\/p>\n<p>V\u00e5ra betongprodukter har hittat sina anv\u00e4ndningsomr\u00e5den p\u00e5 stadions i Stockholm och i Estland, i v\u00e5ningshus i Finland, Sverige och Estland, p\u00e5 j\u00e4rnv\u00e4gsgr\u00e4nsstationen Koidula, i estniska elkraftverk, vid byggande av vindkraftverk, transformatorstationer, solkraftverk, str\u00e5lningskontrollanordningar, i livsmedelsf\u00f6r\u00e4dlingsf\u00f6retag, i underjordiska f\u00f6rbindelser och vid byggande av hundratals andra byggobjekt.<\/p>\n<p>Alla gamla och nya kunder \u00e4r alltid v\u00e4lkomna!<\/p>\n<p><\/div><\/div>\n<br \/>\n<div class=\"column one-second mobile-one\"><div class=\"mcb-column-inner\"><\/p>\n<p>ngg_shortcode_0_placeholder<br \/>\n<\/div><\/div>\n<\/p>\n","protected":false},"excerpt":{"rendered":"","protected":false},"author":1,"featured_media":0,"parent":0,"menu_order":0,"comment_status":"open","ping_status":"open","template":"","meta":{"ngg_post_thumbnail":0,"footnotes":""},"class_list":["post-989","page","type-page","status-publish","hentry"],"yoast_head":"<!-- This site is optimized with the Yoast SEO plugin v23.7 - https:\/\/yoast.com\/wordpress\/plugins\/seo\/ -->\n<title>Hem - Liisbet Betoon<\/title>\n<meta name=\"robots\" content=\"index, follow, max-snippet:-1, max-image-preview:large, max-video-preview:-1\" \/>\n<link rel=\"canonical\" href=\"https:\/\/liisbet.ee\/sv\/\" \/>\n<meta property=\"og:locale\" content=\"sv_SE\" \/>\n<meta property=\"og:type\" content=\"article\" \/>\n<meta property=\"og:title\" content=\"Hem - Liisbet Betoon\" \/>\n<meta property=\"og:url\" content=\"https:\/\/liisbet.ee\/sv\/\" \/>\n<meta property=\"og:site_name\" content=\"Liisbet Betoon\" \/>\n<meta property=\"article:modified_time\" content=\"2022-01-28T18:40:35+00:00\" \/>\n<meta name=\"twitter:card\" content=\"summary_large_image\" \/>\n<meta name=\"twitter:label1\" content=\"Ber\u00e4knad l\u00e4stid\" \/>\n\t<meta name=\"twitter:data1\" content=\"1 minut\" \/>\n<script type=\"application\/ld+json\" class=\"yoast-schema-graph\">{\"@context\":\"https:\/\/schema.org\",\"@graph\":[{\"@type\":\"WebPage\",\"@id\":\"https:\/\/liisbet.ee\/sv\/\",\"url\":\"https:\/\/liisbet.ee\/sv\/\",\"name\":\"Hem - Liisbet Betoon\",\"isPartOf\":{\"@id\":\"https:\/\/www.liisbet.ee\/#website\"},\"datePublished\":\"2015-02-03T17:42:45+00:00\",\"dateModified\":\"2022-01-28T18:40:35+00:00\",\"breadcrumb\":{\"@id\":\"https:\/\/liisbet.ee\/sv\/#breadcrumb\"},\"inLanguage\":\"sv-SE\",\"potentialAction\":[{\"@type\":\"ReadAction\",\"target\":[\"https:\/\/liisbet.ee\/sv\/\"]}]},{\"@type\":\"BreadcrumbList\",\"@id\":\"https:\/\/liisbet.ee\/sv\/#breadcrumb\",\"itemListElement\":[{\"@type\":\"ListItem\",\"position\":1,\"name\":\"Home\",\"item\":\"https:\/\/liisbet.ee\/sv\/\"},{\"@type\":\"ListItem\",\"position\":2,\"name\":\"Hem\"}]},{\"@type\":\"WebSite\",\"@id\":\"https:\/\/www.liisbet.ee\/#website\",\"url\":\"https:\/\/www.liisbet.ee\/\",\"name\":\"Liisbet Betoon\",\"description\":\"\",\"publisher\":{\"@id\":\"https:\/\/www.liisbet.ee\/#organization\"},\"potentialAction\":[{\"@type\":\"SearchAction\",\"target\":{\"@type\":\"EntryPoint\",\"urlTemplate\":\"https:\/\/www.liisbet.ee\/?s={search_term_string}\"},\"query-input\":{\"@type\":\"PropertyValueSpecification\",\"valueRequired\":true,\"valueName\":\"search_term_string\"}}],\"inLanguage\":\"sv-SE\"},{\"@type\":\"Organization\",\"@id\":\"https:\/\/www.liisbet.ee\/#organization\",\"name\":\"Liisbet Betoon\",\"url\":\"https:\/\/www.liisbet.ee\/\",\"logo\":{\"@type\":\"ImageObject\",\"inLanguage\":\"sv-SE\",\"@id\":\"https:\/\/www.liisbet.ee\/#\/schema\/logo\/image\/\",\"url\":\"https:\/\/liisbet.ee\/wp-content\/uploads\/Kiivrid-2.jpg\",\"contentUrl\":\"https:\/\/liisbet.ee\/wp-content\/uploads\/Kiivrid-2.jpg\",\"width\":4500,\"height\":3000,\"caption\":\"Liisbet Betoon\"},\"image\":{\"@id\":\"https:\/\/www.liisbet.ee\/#\/schema\/logo\/image\/\"}}]}<\/script>\n<!-- \/ Yoast SEO plugin. -->","yoast_head_json":{"title":"Hem - Liisbet Betoon","robots":{"index":"index","follow":"follow","max-snippet":"max-snippet:-1","max-image-preview":"max-image-preview:large","max-video-preview":"max-video-preview:-1"},"canonical":"https:\/\/liisbet.ee\/sv\/","og_locale":"sv_SE","og_type":"article","og_title":"Hem - Liisbet Betoon","og_url":"https:\/\/liisbet.ee\/sv\/","og_site_name":"Liisbet Betoon","article_modified_time":"2022-01-28T18:40:35+00:00","twitter_card":"summary_large_image","twitter_misc":{"Ber\u00e4knad l\u00e4stid":"1 minut"},"schema":{"@context":"https:\/\/schema.org","@graph":[{"@type":"WebPage","@id":"https:\/\/liisbet.ee\/sv\/","url":"https:\/\/liisbet.ee\/sv\/","name":"Hem - Liisbet Betoon","isPartOf":{"@id":"https:\/\/www.liisbet.ee\/#website"},"datePublished":"2015-02-03T17:42:45+00:00","dateModified":"2022-01-28T18:40:35+00:00","breadcrumb":{"@id":"https:\/\/liisbet.ee\/sv\/#breadcrumb"},"inLanguage":"sv-SE","potentialAction":[{"@type":"ReadAction","target":["https:\/\/liisbet.ee\/sv\/"]}]},{"@type":"BreadcrumbList","@id":"https:\/\/liisbet.ee\/sv\/#breadcrumb","itemListElement":[{"@type":"ListItem","position":1,"name":"Home","item":"https:\/\/liisbet.ee\/sv\/"},{"@type":"ListItem","position":2,"name":"Hem"}]},{"@type":"WebSite","@id":"https:\/\/www.liisbet.ee\/#website","url":"https:\/\/www.liisbet.ee\/","name":"Liisbet Betoon","description":"","publisher":{"@id":"https:\/\/www.liisbet.ee\/#organization"},"potentialAction":[{"@type":"SearchAction","target":{"@type":"EntryPoint","urlTemplate":"https:\/\/www.liisbet.ee\/?s={search_term_string}"},"query-input":{"@type":"PropertyValueSpecification","valueRequired":true,"valueName":"search_term_string"}}],"inLanguage":"sv-SE"},{"@type":"Organization","@id":"https:\/\/www.liisbet.ee\/#organization","name":"Liisbet Betoon","url":"https:\/\/www.liisbet.ee\/","logo":{"@type":"ImageObject","inLanguage":"sv-SE","@id":"https:\/\/www.liisbet.ee\/#\/schema\/logo\/image\/","url":"https:\/\/liisbet.ee\/wp-content\/uploads\/Kiivrid-2.jpg","contentUrl":"https:\/\/liisbet.ee\/wp-content\/uploads\/Kiivrid-2.jpg","width":4500,"height":3000,"caption":"Liisbet Betoon"},"image":{"@id":"https:\/\/www.liisbet.ee\/#\/schema\/logo\/image\/"}}]}},"_links":{"self":[{"href":"https:\/\/liisbet.ee\/sv\/wp-json\/wp\/v2\/pages\/989"}],"collection":[{"href":"https:\/\/liisbet.ee\/sv\/wp-json\/wp\/v2\/pages"}],"about":[{"href":"https:\/\/liisbet.ee\/sv\/wp-json\/wp\/v2\/types\/page"}],"author":[{"embeddable":true,"href":"https:\/\/liisbet.ee\/sv\/wp-json\/wp\/v2\/users\/1"}],"replies":[{"embeddable":true,"href":"https:\/\/liisbet.ee\/sv\/wp-json\/wp\/v2\/comments?post=989"}],"version-history":[{"count":5,"href":"https:\/\/liisbet.ee\/sv\/wp-json\/wp\/v2\/pages\/989\/revisions"}],"predecessor-version":[{"id":1357,"href":"https:\/\/liisbet.ee\/sv\/wp-json\/wp\/v2\/pages\/989\/revisions\/1357"}],"wp:attachment":[{"href":"https:\/\/liisbet.ee\/sv\/wp-json\/wp\/v2\/media?parent=989"}],"curies":[{"name":"wp","href":"https:\/\/api.w.org\/{rel}","templated":true}]}}