{"id":1002,"date":"2015-02-03T19:00:37","date_gmt":"2015-02-03T19:00:37","guid":{"rendered":"https:\/\/www.liisbet.ee\/tooted-2\/"},"modified":"2022-02-01T16:52:54","modified_gmt":"2022-02-01T14:52:54","slug":"huvudprodukter","status":"publish","type":"page","link":"https:\/\/liisbet.ee\/sv\/huvudprodukter\/","title":{"rendered":"Huvudprodukter"},"content":{"rendered":"<p><img loading=\"lazy\" decoding=\"async\" class=\"alignleft size-full wp-image-1254\" src=\"https:\/\/www.liisbet.ee\/wp-content\/uploads\/karkassi-jaseinaelemendid.jpg\" alt=\"karkassi-jaseinaelemendid\" width=\"178\" height=\"100\" srcset=\"https:\/\/liisbet.ee\/wp-content\/uploads\/karkassi-jaseinaelemendid.jpg 178w, https:\/\/liisbet.ee\/wp-content\/uploads\/karkassi-jaseinaelemendid-50x28.jpg 50w, https:\/\/liisbet.ee\/wp-content\/uploads\/karkassi-jaseinaelemendid-134x75.jpg 134w\" sizes=\"(max-width:767px) 178px, 178px\" \/><strong><br \/>\nByggnadsst\u00e4llnings- och v\u00e4ggelement<\/strong><\/p>\n<p>Som produktionens huvudelement g\u00e4ller balkonger, stolpar, balkar, ett- eller trelagers sockelelement, fundament och bindbj\u00e4lkar.<\/p>\n<p>&nbsp;<\/p>\n<p><img loading=\"lazy\" decoding=\"async\" class=\"alignleft size-full wp-image-1255\" src=\"https:\/\/www.liisbet.ee\/wp-content\/uploads\/spetsiaalvundamendid.jpg\" alt=\"spetsiaalvundamendid\" width=\"178\" height=\"100\" srcset=\"https:\/\/liisbet.ee\/wp-content\/uploads\/spetsiaalvundamendid.jpg 178w, https:\/\/liisbet.ee\/wp-content\/uploads\/spetsiaalvundamendid-50x28.jpg 50w, https:\/\/liisbet.ee\/wp-content\/uploads\/spetsiaalvundamendid-134x75.jpg 134w\" sizes=\"(max-width:767px) 178px, 178px\" \/><br \/>\n<strong>Specialfundament<\/strong><\/p>\n<p>Vi tillverkar fundament i specialformer f\u00f6r modul- och \u00f6verf\u00f6ringsn\u00e4tens transformatorstationer.<\/p>\n<p>&nbsp;<\/p>\n<p>&nbsp;<\/p>\n<p><img loading=\"lazy\" decoding=\"async\" class=\"alignleft size-full wp-image-1255\" src=\"https:\/\/www.liisbet.ee\/wp-content\/uploads\/trepid.jpg\" alt=\"spetsiaalvundamendid\" width=\"178\" height=\"100\"><strong><br \/>\nTrappor<\/strong><\/p>\n<p>Vi tillverkar olika trappor: raka trappor och trappor med avsatser p\u00e5 b\u00e4gge sidorna och spiraltrappor.<\/p>\n<p>&nbsp;<\/p>\n<p><img loading=\"lazy\" decoding=\"async\" class=\"alignleft size-full wp-image-1257\" src=\"https:\/\/www.liisbet.ee\/wp-content\/uploads\/muud-tooted.jpg\" alt=\"muud-tooted\" width=\"178\" height=\"100\" srcset=\"https:\/\/liisbet.ee\/wp-content\/uploads\/muud-tooted.jpg 178w, https:\/\/liisbet.ee\/wp-content\/uploads\/muud-tooted-50x28.jpg 50w, https:\/\/liisbet.ee\/wp-content\/uploads\/muud-tooted-134x75.jpg 134w\" sizes=\"(max-width:767px) 178px, 178px\" \/><strong><br \/>\n\u00d6vriga produkter<\/strong><\/p>\n<p>Gesimser, st\u00f6dmurar f\u00f6r bulkmaterial, reklamst\u00e4llningar, brunnar, kannor, fundament f\u00f6r anordningar osv.<\/p>\n<p>&nbsp;<\/p>\n","protected":false},"excerpt":{"rendered":"<p>Byggnadsst\u00e4llnings- och v\u00e4ggelement Som produktionens huvudelement g\u00e4ller balkonger, stolpar, balkar, ett- eller trelagers sockelelement, fundament och bindbj\u00e4lkar. &nbsp; Specialfundament Vi tillverkar fundament i specialformer f\u00f6r modul-<span class=\"excerpt-hellip\"> [\u2026]<\/span><\/p>\n","protected":false},"author":1,"featured_media":0,"parent":0,"menu_order":0,"comment_status":"closed","ping_status":"closed","template":"","meta":{"ngg_post_thumbnail":0,"footnotes":""},"class_list":["post-1002","page","type-page","status-publish","hentry"],"yoast_head":"<!-- This site is optimized with the Yoast SEO plugin v23.7 - https:\/\/yoast.com\/wordpress\/plugins\/seo\/ -->\n<title>Huvudprodukter - Liisbet Betoon<\/title>\n<meta name=\"robots\" content=\"index, follow, max-snippet:-1, max-image-preview:large, max-video-preview:-1\" \/>\n<link rel=\"canonical\" href=\"https:\/\/www.liisbet.ee\/sv\/huvudprodukter\/\" \/>\n<meta property=\"og:locale\" content=\"sv_SE\" \/>\n<meta property=\"og:type\" content=\"article\" \/>\n<meta property=\"og:title\" content=\"Huvudprodukter - Liisbet Betoon\" \/>\n<meta property=\"og:description\" content=\"Byggnadsst\u00e4llnings- och v\u00e4ggelement Som produktionens huvudelement g\u00e4ller balkonger, stolpar, balkar, ett- eller trelagers sockelelement, fundament och bindbj\u00e4lkar. &nbsp; Specialfundament Vi tillverkar fundament i specialformer f\u00f6r modul- [\u2026]\" \/>\n<meta property=\"og:url\" content=\"https:\/\/www.liisbet.ee\/sv\/huvudprodukter\/\" \/>\n<meta property=\"og:site_name\" content=\"Liisbet Betoon\" \/>\n<meta property=\"article:modified_time\" content=\"2022-02-01T14:52:54+00:00\" \/>\n<meta property=\"og:image\" content=\"https:\/\/www.liisbet.ee\/wp-content\/uploads\/karkassi-jaseinaelemendid.jpg\" \/>\n<meta name=\"twitter:card\" content=\"summary_large_image\" \/>\n<script type=\"application\/ld+json\" class=\"yoast-schema-graph\">{\"@context\":\"https:\/\/schema.org\",\"@graph\":[{\"@type\":\"WebPage\",\"@id\":\"https:\/\/www.liisbet.ee\/sv\/huvudprodukter\/\",\"url\":\"https:\/\/www.liisbet.ee\/sv\/huvudprodukter\/\",\"name\":\"Huvudprodukter - Liisbet Betoon\",\"isPartOf\":{\"@id\":\"https:\/\/www.liisbet.ee\/ru\/#website\"},\"primaryImageOfPage\":{\"@id\":\"https:\/\/www.liisbet.ee\/sv\/huvudprodukter\/#primaryimage\"},\"image\":{\"@id\":\"https:\/\/www.liisbet.ee\/sv\/huvudprodukter\/#primaryimage\"},\"thumbnailUrl\":\"https:\/\/www.liisbet.ee\/wp-content\/uploads\/karkassi-jaseinaelemendid.jpg\",\"datePublished\":\"2015-02-03T19:00:37+00:00\",\"dateModified\":\"2022-02-01T14:52:54+00:00\",\"breadcrumb\":{\"@id\":\"https:\/\/www.liisbet.ee\/sv\/huvudprodukter\/#breadcrumb\"},\"inLanguage\":\"sv-SE\",\"potentialAction\":[{\"@type\":\"ReadAction\",\"target\":[\"https:\/\/www.liisbet.ee\/sv\/huvudprodukter\/\"]}]},{\"@type\":\"ImageObject\",\"inLanguage\":\"sv-SE\",\"@id\":\"https:\/\/www.liisbet.ee\/sv\/huvudprodukter\/#primaryimage\",\"url\":\"https:\/\/www.liisbet.ee\/wp-content\/uploads\/karkassi-jaseinaelemendid.jpg\",\"contentUrl\":\"https:\/\/www.liisbet.ee\/wp-content\/uploads\/karkassi-jaseinaelemendid.jpg\"},{\"@type\":\"BreadcrumbList\",\"@id\":\"https:\/\/www.liisbet.ee\/sv\/huvudprodukter\/#breadcrumb\",\"itemListElement\":[{\"@type\":\"ListItem\",\"position\":1,\"name\":\"Home\",\"item\":\"https:\/\/liisbet.ee\/sv\/\"},{\"@type\":\"ListItem\",\"position\":2,\"name\":\"Huvudprodukter\"}]},{\"@type\":\"WebSite\",\"@id\":\"https:\/\/www.liisbet.ee\/ru\/#website\",\"url\":\"https:\/\/www.liisbet.ee\/ru\/\",\"name\":\"Liisbet Betoon\",\"description\":\"\",\"publisher\":{\"@id\":\"https:\/\/www.liisbet.ee\/ru\/#organization\"},\"potentialAction\":[{\"@type\":\"SearchAction\",\"target\":{\"@type\":\"EntryPoint\",\"urlTemplate\":\"https:\/\/www.liisbet.ee\/ru\/?s={search_term_string}\"},\"query-input\":{\"@type\":\"PropertyValueSpecification\",\"valueRequired\":true,\"valueName\":\"search_term_string\"}}],\"inLanguage\":\"sv-SE\"},{\"@type\":\"Organization\",\"@id\":\"https:\/\/www.liisbet.ee\/ru\/#organization\",\"name\":\"Liisbet Betoon\",\"url\":\"https:\/\/www.liisbet.ee\/ru\/\",\"logo\":{\"@type\":\"ImageObject\",\"inLanguage\":\"sv-SE\",\"@id\":\"https:\/\/www.liisbet.ee\/ru\/#\/schema\/logo\/image\/\",\"url\":\"https:\/\/liisbet.ee\/wp-content\/uploads\/Kiivrid-2.jpg\",\"contentUrl\":\"https:\/\/liisbet.ee\/wp-content\/uploads\/Kiivrid-2.jpg\",\"width\":4500,\"height\":3000,\"caption\":\"Liisbet Betoon\"},\"image\":{\"@id\":\"https:\/\/www.liisbet.ee\/ru\/#\/schema\/logo\/image\/\"}}]}<\/script>\n<!-- \/ Yoast SEO plugin. -->","yoast_head_json":{"title":"Huvudprodukter - Liisbet Betoon","robots":{"index":"index","follow":"follow","max-snippet":"max-snippet:-1","max-image-preview":"max-image-preview:large","max-video-preview":"max-video-preview:-1"},"canonical":"https:\/\/www.liisbet.ee\/sv\/huvudprodukter\/","og_locale":"sv_SE","og_type":"article","og_title":"Huvudprodukter - Liisbet Betoon","og_description":"Byggnadsst\u00e4llnings- och v\u00e4ggelement Som produktionens huvudelement g\u00e4ller balkonger, stolpar, balkar, ett- eller trelagers sockelelement, fundament och bindbj\u00e4lkar. &nbsp; Specialfundament Vi tillverkar fundament i specialformer f\u00f6r modul- [\u2026]","og_url":"https:\/\/www.liisbet.ee\/sv\/huvudprodukter\/","og_site_name":"Liisbet Betoon","article_modified_time":"2022-02-01T14:52:54+00:00","og_image":[{"url":"https:\/\/www.liisbet.ee\/wp-content\/uploads\/karkassi-jaseinaelemendid.jpg"}],"twitter_card":"summary_large_image","schema":{"@context":"https:\/\/schema.org","@graph":[{"@type":"WebPage","@id":"https:\/\/www.liisbet.ee\/sv\/huvudprodukter\/","url":"https:\/\/www.liisbet.ee\/sv\/huvudprodukter\/","name":"Huvudprodukter - Liisbet Betoon","isPartOf":{"@id":"https:\/\/www.liisbet.ee\/ru\/#website"},"primaryImageOfPage":{"@id":"https:\/\/www.liisbet.ee\/sv\/huvudprodukter\/#primaryimage"},"image":{"@id":"https:\/\/www.liisbet.ee\/sv\/huvudprodukter\/#primaryimage"},"thumbnailUrl":"https:\/\/www.liisbet.ee\/wp-content\/uploads\/karkassi-jaseinaelemendid.jpg","datePublished":"2015-02-03T19:00:37+00:00","dateModified":"2022-02-01T14:52:54+00:00","breadcrumb":{"@id":"https:\/\/www.liisbet.ee\/sv\/huvudprodukter\/#breadcrumb"},"inLanguage":"sv-SE","potentialAction":[{"@type":"ReadAction","target":["https:\/\/www.liisbet.ee\/sv\/huvudprodukter\/"]}]},{"@type":"ImageObject","inLanguage":"sv-SE","@id":"https:\/\/www.liisbet.ee\/sv\/huvudprodukter\/#primaryimage","url":"https:\/\/www.liisbet.ee\/wp-content\/uploads\/karkassi-jaseinaelemendid.jpg","contentUrl":"https:\/\/www.liisbet.ee\/wp-content\/uploads\/karkassi-jaseinaelemendid.jpg"},{"@type":"BreadcrumbList","@id":"https:\/\/www.liisbet.ee\/sv\/huvudprodukter\/#breadcrumb","itemListElement":[{"@type":"ListItem","position":1,"name":"Home","item":"https:\/\/liisbet.ee\/sv\/"},{"@type":"ListItem","position":2,"name":"Huvudprodukter"}]},{"@type":"WebSite","@id":"https:\/\/www.liisbet.ee\/ru\/#website","url":"https:\/\/www.liisbet.ee\/ru\/","name":"Liisbet Betoon","description":"","publisher":{"@id":"https:\/\/www.liisbet.ee\/ru\/#organization"},"potentialAction":[{"@type":"SearchAction","target":{"@type":"EntryPoint","urlTemplate":"https:\/\/www.liisbet.ee\/ru\/?s={search_term_string}"},"query-input":{"@type":"PropertyValueSpecification","valueRequired":true,"valueName":"search_term_string"}}],"inLanguage":"sv-SE"},{"@type":"Organization","@id":"https:\/\/www.liisbet.ee\/ru\/#organization","name":"Liisbet Betoon","url":"https:\/\/www.liisbet.ee\/ru\/","logo":{"@type":"ImageObject","inLanguage":"sv-SE","@id":"https:\/\/www.liisbet.ee\/ru\/#\/schema\/logo\/image\/","url":"https:\/\/liisbet.ee\/wp-content\/uploads\/Kiivrid-2.jpg","contentUrl":"https:\/\/liisbet.ee\/wp-content\/uploads\/Kiivrid-2.jpg","width":4500,"height":3000,"caption":"Liisbet Betoon"},"image":{"@id":"https:\/\/www.liisbet.ee\/ru\/#\/schema\/logo\/image\/"}}]}},"_links":{"self":[{"href":"https:\/\/liisbet.ee\/sv\/wp-json\/wp\/v2\/pages\/1002"}],"collection":[{"href":"https:\/\/liisbet.ee\/sv\/wp-json\/wp\/v2\/pages"}],"about":[{"href":"https:\/\/liisbet.ee\/sv\/wp-json\/wp\/v2\/types\/page"}],"author":[{"embeddable":true,"href":"https:\/\/liisbet.ee\/sv\/wp-json\/wp\/v2\/users\/1"}],"replies":[{"embeddable":true,"href":"https:\/\/liisbet.ee\/sv\/wp-json\/wp\/v2\/comments?post=1002"}],"version-history":[{"count":5,"href":"https:\/\/liisbet.ee\/sv\/wp-json\/wp\/v2\/pages\/1002\/revisions"}],"predecessor-version":[{"id":1396,"href":"https:\/\/liisbet.ee\/sv\/wp-json\/wp\/v2\/pages\/1002\/revisions\/1396"}],"wp:attachment":[{"href":"https:\/\/liisbet.ee\/sv\/wp-json\/wp\/v2\/media?parent=1002"}],"curies":[{"name":"wp","href":"https:\/\/api.w.org\/{rel}","templated":true}]}}