{"id":962,"date":"2015-02-03T19:00:37","date_gmt":"2015-02-03T19:00:37","guid":{"rendered":"https:\/\/www.liisbet.ee\/tooted-2\/"},"modified":"2022-02-01T16:52:21","modified_gmt":"2022-02-01T14:52:21","slug":"hovedprodukter","status":"publish","type":"page","link":"https:\/\/liisbet.ee\/nb\/hovedprodukter\/","title":{"rendered":"Hovedprodukter"},"content":{"rendered":"<p><img loading=\"lazy\" decoding=\"async\" class=\"alignleft size-full wp-image-1254\" src=\"https:\/\/www.liisbet.ee\/wp-content\/uploads\/karkassi-jaseinaelemendid.jpg\" alt=\"karkassi-jaseinaelemendid\" width=\"178\" height=\"100\" srcset=\"https:\/\/liisbet.ee\/wp-content\/uploads\/karkassi-jaseinaelemendid.jpg 178w, https:\/\/liisbet.ee\/wp-content\/uploads\/karkassi-jaseinaelemendid-50x28.jpg 50w, https:\/\/liisbet.ee\/wp-content\/uploads\/karkassi-jaseinaelemendid-134x75.jpg 134w\" sizes=\"(max-width:767px) 178px, 178px\" \/><strong><br \/>\nBindingsverkselementer og veggelementer<\/strong><\/p>\n<p>V\u00e5re hovedprodukter er balkonger, s\u00f8yler, dragere, sokkelelementer med ett eller tre lag, grunnmurer og losholter.<\/p>\n<p>&nbsp;<\/p>\n<p><img loading=\"lazy\" decoding=\"async\" class=\"alignleft size-full wp-image-1255\" src=\"https:\/\/www.liisbet.ee\/wp-content\/uploads\/spetsiaalvundamendid.jpg\" alt=\"spetsiaalvundamendid\" width=\"178\" height=\"100\" srcset=\"https:\/\/liisbet.ee\/wp-content\/uploads\/spetsiaalvundamendid.jpg 178w, https:\/\/liisbet.ee\/wp-content\/uploads\/spetsiaalvundamendid-50x28.jpg 50w, https:\/\/liisbet.ee\/wp-content\/uploads\/spetsiaalvundamendid-134x75.jpg 134w\" sizes=\"(max-width:767px) 178px, 178px\" \/><br \/>\n<strong>Grunnmurer<\/strong><\/p>\n<p>Vi produserer grunnmurer av ulik form til understasjoner for modul- og hovednettverk.<\/p>\n<p>&nbsp;<\/p>\n<p>&nbsp;<\/p>\n<p><img loading=\"lazy\" decoding=\"async\" class=\"alignleft size-full wp-image-1255\" src=\"https:\/\/www.liisbet.ee\/wp-content\/uploads\/trepid.jpg\" alt=\"spetsiaalvundamendid\" width=\"178\" height=\"100\"><br \/>\n<strong>Trapper<\/strong><\/p>\n<p>Vi produserer ulike rette trapper, svingtrapper og trapper med repos p\u00e5 begge sider.<\/p>\n<p>&nbsp;<\/p>\n<p>&nbsp;<\/p>\n<p><img loading=\"lazy\" decoding=\"async\" class=\"alignleft size-full wp-image-1257\" src=\"https:\/\/www.liisbet.ee\/wp-content\/uploads\/muud-tooted.jpg\" alt=\"muud-tooted\" width=\"178\" height=\"100\" srcset=\"https:\/\/liisbet.ee\/wp-content\/uploads\/muud-tooted.jpg 178w, https:\/\/liisbet.ee\/wp-content\/uploads\/muud-tooted-50x28.jpg 50w, https:\/\/liisbet.ee\/wp-content\/uploads\/muud-tooted-134x75.jpg 134w\" sizes=\"(max-width:767px) 178px, 178px\" \/><strong><br \/>\nAndre produkter<\/strong><\/p>\n<p>Karnisser, st\u00f8ttemurer for spr\u00f8ytematerialer, reklameunderlag, br\u00f8nner, kanner, grunnmur for utstyr osv.<\/p>\n<p>&nbsp;<\/p>\n","protected":false},"excerpt":{"rendered":"<p>Bindingsverkselementer og veggelementer V\u00e5re hovedprodukter er balkonger, s\u00f8yler, dragere, sokkelelementer med ett eller tre lag, grunnmurer og losholter. &nbsp; Grunnmurer Vi produserer grunnmurer av ulik form<span class=\"excerpt-hellip\"> [\u2026]<\/span><\/p>\n","protected":false},"author":1,"featured_media":0,"parent":0,"menu_order":0,"comment_status":"closed","ping_status":"closed","template":"","meta":{"ngg_post_thumbnail":0,"footnotes":""},"class_list":["post-962","page","type-page","status-publish","hentry"],"yoast_head":"<!-- This site is optimized with the Yoast SEO plugin v23.7 - https:\/\/yoast.com\/wordpress\/plugins\/seo\/ -->\n<title>Hovedprodukter - Liisbet Betoon<\/title>\n<meta name=\"robots\" content=\"index, follow, max-snippet:-1, max-image-preview:large, max-video-preview:-1\" \/>\n<link rel=\"canonical\" href=\"https:\/\/liisbet.ee\/nb\/hovedprodukter\/\" \/>\n<meta property=\"og:locale\" content=\"nb_NO\" \/>\n<meta property=\"og:type\" content=\"article\" \/>\n<meta property=\"og:title\" content=\"Hovedprodukter - Liisbet Betoon\" \/>\n<meta property=\"og:description\" content=\"Bindingsverkselementer og veggelementer V\u00e5re hovedprodukter er balkonger, s\u00f8yler, dragere, sokkelelementer med ett eller tre lag, grunnmurer og losholter. &nbsp; Grunnmurer Vi produserer grunnmurer av ulik form [\u2026]\" \/>\n<meta property=\"og:url\" content=\"https:\/\/liisbet.ee\/nb\/hovedprodukter\/\" \/>\n<meta property=\"og:site_name\" content=\"Liisbet Betoon\" \/>\n<meta property=\"article:modified_time\" content=\"2022-02-01T14:52:21+00:00\" \/>\n<meta property=\"og:image\" content=\"https:\/\/www.liisbet.ee\/wp-content\/uploads\/karkassi-jaseinaelemendid.jpg\" \/>\n<meta name=\"twitter:card\" content=\"summary_large_image\" \/>\n<script type=\"application\/ld+json\" class=\"yoast-schema-graph\">{\"@context\":\"https:\/\/schema.org\",\"@graph\":[{\"@type\":\"WebPage\",\"@id\":\"https:\/\/liisbet.ee\/nb\/hovedprodukter\/\",\"url\":\"https:\/\/liisbet.ee\/nb\/hovedprodukter\/\",\"name\":\"Hovedprodukter - Liisbet Betoon\",\"isPartOf\":{\"@id\":\"https:\/\/liisbet.ee\/#website\"},\"primaryImageOfPage\":{\"@id\":\"https:\/\/liisbet.ee\/nb\/hovedprodukter\/#primaryimage\"},\"image\":{\"@id\":\"https:\/\/liisbet.ee\/nb\/hovedprodukter\/#primaryimage\"},\"thumbnailUrl\":\"https:\/\/www.liisbet.ee\/wp-content\/uploads\/karkassi-jaseinaelemendid.jpg\",\"datePublished\":\"2015-02-03T19:00:37+00:00\",\"dateModified\":\"2022-02-01T14:52:21+00:00\",\"breadcrumb\":{\"@id\":\"https:\/\/liisbet.ee\/nb\/hovedprodukter\/#breadcrumb\"},\"inLanguage\":\"nb-NO\",\"potentialAction\":[{\"@type\":\"ReadAction\",\"target\":[\"https:\/\/liisbet.ee\/nb\/hovedprodukter\/\"]}]},{\"@type\":\"ImageObject\",\"inLanguage\":\"nb-NO\",\"@id\":\"https:\/\/liisbet.ee\/nb\/hovedprodukter\/#primaryimage\",\"url\":\"https:\/\/www.liisbet.ee\/wp-content\/uploads\/karkassi-jaseinaelemendid.jpg\",\"contentUrl\":\"https:\/\/www.liisbet.ee\/wp-content\/uploads\/karkassi-jaseinaelemendid.jpg\"},{\"@type\":\"BreadcrumbList\",\"@id\":\"https:\/\/liisbet.ee\/nb\/hovedprodukter\/#breadcrumb\",\"itemListElement\":[{\"@type\":\"ListItem\",\"position\":1,\"name\":\"Home\",\"item\":\"https:\/\/liisbet.ee\/nb\/\"},{\"@type\":\"ListItem\",\"position\":2,\"name\":\"Hovedprodukter\"}]},{\"@type\":\"WebSite\",\"@id\":\"https:\/\/liisbet.ee\/#website\",\"url\":\"https:\/\/liisbet.ee\/\",\"name\":\"Liisbet Betoon\",\"description\":\"\",\"publisher\":{\"@id\":\"https:\/\/liisbet.ee\/#organization\"},\"potentialAction\":[{\"@type\":\"SearchAction\",\"target\":{\"@type\":\"EntryPoint\",\"urlTemplate\":\"https:\/\/liisbet.ee\/?s={search_term_string}\"},\"query-input\":{\"@type\":\"PropertyValueSpecification\",\"valueRequired\":true,\"valueName\":\"search_term_string\"}}],\"inLanguage\":\"nb-NO\"},{\"@type\":\"Organization\",\"@id\":\"https:\/\/liisbet.ee\/#organization\",\"name\":\"Liisbet Betoon\",\"url\":\"https:\/\/liisbet.ee\/\",\"logo\":{\"@type\":\"ImageObject\",\"inLanguage\":\"nb-NO\",\"@id\":\"https:\/\/liisbet.ee\/#\/schema\/logo\/image\/\",\"url\":\"https:\/\/liisbet.ee\/wp-content\/uploads\/Kiivrid-2.jpg\",\"contentUrl\":\"https:\/\/liisbet.ee\/wp-content\/uploads\/Kiivrid-2.jpg\",\"width\":4500,\"height\":3000,\"caption\":\"Liisbet Betoon\"},\"image\":{\"@id\":\"https:\/\/liisbet.ee\/#\/schema\/logo\/image\/\"}}]}<\/script>\n<!-- \/ Yoast SEO plugin. -->","yoast_head_json":{"title":"Hovedprodukter - Liisbet Betoon","robots":{"index":"index","follow":"follow","max-snippet":"max-snippet:-1","max-image-preview":"max-image-preview:large","max-video-preview":"max-video-preview:-1"},"canonical":"https:\/\/liisbet.ee\/nb\/hovedprodukter\/","og_locale":"nb_NO","og_type":"article","og_title":"Hovedprodukter - Liisbet Betoon","og_description":"Bindingsverkselementer og veggelementer V\u00e5re hovedprodukter er balkonger, s\u00f8yler, dragere, sokkelelementer med ett eller tre lag, grunnmurer og losholter. &nbsp; Grunnmurer Vi produserer grunnmurer av ulik form [\u2026]","og_url":"https:\/\/liisbet.ee\/nb\/hovedprodukter\/","og_site_name":"Liisbet Betoon","article_modified_time":"2022-02-01T14:52:21+00:00","og_image":[{"url":"https:\/\/www.liisbet.ee\/wp-content\/uploads\/karkassi-jaseinaelemendid.jpg"}],"twitter_card":"summary_large_image","schema":{"@context":"https:\/\/schema.org","@graph":[{"@type":"WebPage","@id":"https:\/\/liisbet.ee\/nb\/hovedprodukter\/","url":"https:\/\/liisbet.ee\/nb\/hovedprodukter\/","name":"Hovedprodukter - Liisbet Betoon","isPartOf":{"@id":"https:\/\/liisbet.ee\/#website"},"primaryImageOfPage":{"@id":"https:\/\/liisbet.ee\/nb\/hovedprodukter\/#primaryimage"},"image":{"@id":"https:\/\/liisbet.ee\/nb\/hovedprodukter\/#primaryimage"},"thumbnailUrl":"https:\/\/www.liisbet.ee\/wp-content\/uploads\/karkassi-jaseinaelemendid.jpg","datePublished":"2015-02-03T19:00:37+00:00","dateModified":"2022-02-01T14:52:21+00:00","breadcrumb":{"@id":"https:\/\/liisbet.ee\/nb\/hovedprodukter\/#breadcrumb"},"inLanguage":"nb-NO","potentialAction":[{"@type":"ReadAction","target":["https:\/\/liisbet.ee\/nb\/hovedprodukter\/"]}]},{"@type":"ImageObject","inLanguage":"nb-NO","@id":"https:\/\/liisbet.ee\/nb\/hovedprodukter\/#primaryimage","url":"https:\/\/www.liisbet.ee\/wp-content\/uploads\/karkassi-jaseinaelemendid.jpg","contentUrl":"https:\/\/www.liisbet.ee\/wp-content\/uploads\/karkassi-jaseinaelemendid.jpg"},{"@type":"BreadcrumbList","@id":"https:\/\/liisbet.ee\/nb\/hovedprodukter\/#breadcrumb","itemListElement":[{"@type":"ListItem","position":1,"name":"Home","item":"https:\/\/liisbet.ee\/nb\/"},{"@type":"ListItem","position":2,"name":"Hovedprodukter"}]},{"@type":"WebSite","@id":"https:\/\/liisbet.ee\/#website","url":"https:\/\/liisbet.ee\/","name":"Liisbet Betoon","description":"","publisher":{"@id":"https:\/\/liisbet.ee\/#organization"},"potentialAction":[{"@type":"SearchAction","target":{"@type":"EntryPoint","urlTemplate":"https:\/\/liisbet.ee\/?s={search_term_string}"},"query-input":{"@type":"PropertyValueSpecification","valueRequired":true,"valueName":"search_term_string"}}],"inLanguage":"nb-NO"},{"@type":"Organization","@id":"https:\/\/liisbet.ee\/#organization","name":"Liisbet Betoon","url":"https:\/\/liisbet.ee\/","logo":{"@type":"ImageObject","inLanguage":"nb-NO","@id":"https:\/\/liisbet.ee\/#\/schema\/logo\/image\/","url":"https:\/\/liisbet.ee\/wp-content\/uploads\/Kiivrid-2.jpg","contentUrl":"https:\/\/liisbet.ee\/wp-content\/uploads\/Kiivrid-2.jpg","width":4500,"height":3000,"caption":"Liisbet Betoon"},"image":{"@id":"https:\/\/liisbet.ee\/#\/schema\/logo\/image\/"}}]}},"_links":{"self":[{"href":"https:\/\/liisbet.ee\/nb\/wp-json\/wp\/v2\/pages\/962"}],"collection":[{"href":"https:\/\/liisbet.ee\/nb\/wp-json\/wp\/v2\/pages"}],"about":[{"href":"https:\/\/liisbet.ee\/nb\/wp-json\/wp\/v2\/types\/page"}],"author":[{"embeddable":true,"href":"https:\/\/liisbet.ee\/nb\/wp-json\/wp\/v2\/users\/1"}],"replies":[{"embeddable":true,"href":"https:\/\/liisbet.ee\/nb\/wp-json\/wp\/v2\/comments?post=962"}],"version-history":[{"count":5,"href":"https:\/\/liisbet.ee\/nb\/wp-json\/wp\/v2\/pages\/962\/revisions"}],"predecessor-version":[{"id":1395,"href":"https:\/\/liisbet.ee\/nb\/wp-json\/wp\/v2\/pages\/962\/revisions\/1395"}],"wp:attachment":[{"href":"https:\/\/liisbet.ee\/nb\/wp-json\/wp\/v2\/media?parent=962"}],"curies":[{"name":"wp","href":"https:\/\/api.w.org\/{rel}","templated":true}]}}