{"id":950,"date":"2015-02-03T17:42:45","date_gmt":"2015-02-03T17:42:45","guid":{"rendered":"https:\/\/www.liisbet.ee\/demoleht-2\/"},"modified":"2022-01-28T20:38:23","modified_gmt":"2022-01-28T18:38:23","slug":"demoleht","status":"publish","type":"page","link":"https:\/\/liisbet.ee\/nb\/","title":{"rendered":"Forside"},"content":{"rendered":"<p><div class=\"column one-second mobile-one\"><div class=\"mcb-column-inner\"><br \/>\nFabrikken til O\u00dc Liisbet Betoon i J\u00f5hvi har produsert ulike betongprodukter siden 2006. Selskapet har spesialisert seg p\u00e5 prosjektbasert produksjon og produksjon av mer kompliserte og arbeidsintensive detaljer. Vi produserer hovedsakelig trappeelementer og balkongplater, men ogs\u00e5 grunnmurselementer, sokler, s\u00f8yler, losholter osv. For infrastrukturselskap produserer vi ulike grunnmurer for understasjoner og nettutstyr, veisperrer, br\u00f8nner osv.<\/p>\n<p>Selskapet har f\u00e5tt utstedt sertifikater som bekrefter at produksjonen er i samsvar med standarder for betongprodukter, stangelementer, trapper, veggelementer, grunnmursp\u00e6ler og grunnmurselementer av ulik type i Den europeiske union.<\/p>\n<p>Du finner v\u00e5re betongprodukter p\u00e5 stadioner i Stockholm og i Estland, i leilighetsbygg i Finland, Sverige og Estland, i Koidula grensestasjon for jernbane, kraftverk i Estland, i utstyr for vindm\u00f8ller, understasjoner, solstasjoner, str\u00e5lekontroll, i selskap som driver med matbearbeiding, for underjordiske linjer og ved bygging av hundrevis av andre byggeprosjekter.<\/p>\n<p>Alle gamle og nye kunder er alltid velkomne!<\/p>\n<p><\/div><\/div>\n<br \/>\n<div class=\"column one-second mobile-one\"><div class=\"mcb-column-inner\"><\/p>\n<p>ngg_shortcode_0_placeholder<br \/>\n<\/div><\/div>\n<\/p>\n","protected":false},"excerpt":{"rendered":"","protected":false},"author":1,"featured_media":0,"parent":0,"menu_order":0,"comment_status":"open","ping_status":"open","template":"","meta":{"ngg_post_thumbnail":0,"footnotes":""},"class_list":["post-950","page","type-page","status-publish","hentry"],"yoast_head":"<!-- This site is optimized with the Yoast SEO plugin v23.7 - https:\/\/yoast.com\/wordpress\/plugins\/seo\/ -->\n<title>Forside - Liisbet Betoon<\/title>\n<meta name=\"robots\" content=\"index, follow, max-snippet:-1, max-image-preview:large, max-video-preview:-1\" \/>\n<link rel=\"canonical\" href=\"https:\/\/liisbet.ee\/nb\/\" \/>\n<meta property=\"og:locale\" content=\"nb_NO\" \/>\n<meta property=\"og:type\" content=\"article\" \/>\n<meta property=\"og:title\" content=\"Forside - Liisbet Betoon\" \/>\n<meta property=\"og:url\" content=\"https:\/\/liisbet.ee\/nb\/\" \/>\n<meta property=\"og:site_name\" content=\"Liisbet Betoon\" \/>\n<meta property=\"article:modified_time\" content=\"2022-01-28T18:38:23+00:00\" \/>\n<meta name=\"twitter:card\" content=\"summary_large_image\" \/>\n<meta name=\"twitter:label1\" content=\"Ansl. lesetid\" \/>\n\t<meta name=\"twitter:data1\" content=\"1 minutt\" \/>\n<script type=\"application\/ld+json\" class=\"yoast-schema-graph\">{\"@context\":\"https:\/\/schema.org\",\"@graph\":[{\"@type\":\"WebPage\",\"@id\":\"https:\/\/liisbet.ee\/nb\/\",\"url\":\"https:\/\/liisbet.ee\/nb\/\",\"name\":\"Forside - Liisbet Betoon\",\"isPartOf\":{\"@id\":\"https:\/\/www.liisbet.ee\/ru\/#website\"},\"datePublished\":\"2015-02-03T17:42:45+00:00\",\"dateModified\":\"2022-01-28T18:38:23+00:00\",\"breadcrumb\":{\"@id\":\"https:\/\/liisbet.ee\/nb\/#breadcrumb\"},\"inLanguage\":\"nb-NO\",\"potentialAction\":[{\"@type\":\"ReadAction\",\"target\":[\"https:\/\/liisbet.ee\/nb\/\"]}]},{\"@type\":\"BreadcrumbList\",\"@id\":\"https:\/\/liisbet.ee\/nb\/#breadcrumb\",\"itemListElement\":[{\"@type\":\"ListItem\",\"position\":1,\"name\":\"Home\",\"item\":\"https:\/\/liisbet.ee\/nb\/\"},{\"@type\":\"ListItem\",\"position\":2,\"name\":\"Forside\"}]},{\"@type\":\"WebSite\",\"@id\":\"https:\/\/www.liisbet.ee\/ru\/#website\",\"url\":\"https:\/\/www.liisbet.ee\/ru\/\",\"name\":\"Liisbet Betoon\",\"description\":\"\",\"publisher\":{\"@id\":\"https:\/\/www.liisbet.ee\/ru\/#organization\"},\"potentialAction\":[{\"@type\":\"SearchAction\",\"target\":{\"@type\":\"EntryPoint\",\"urlTemplate\":\"https:\/\/www.liisbet.ee\/ru\/?s={search_term_string}\"},\"query-input\":{\"@type\":\"PropertyValueSpecification\",\"valueRequired\":true,\"valueName\":\"search_term_string\"}}],\"inLanguage\":\"nb-NO\"},{\"@type\":\"Organization\",\"@id\":\"https:\/\/www.liisbet.ee\/ru\/#organization\",\"name\":\"Liisbet Betoon\",\"url\":\"https:\/\/www.liisbet.ee\/ru\/\",\"logo\":{\"@type\":\"ImageObject\",\"inLanguage\":\"nb-NO\",\"@id\":\"https:\/\/www.liisbet.ee\/ru\/#\/schema\/logo\/image\/\",\"url\":\"https:\/\/liisbet.ee\/wp-content\/uploads\/Kiivrid-2.jpg\",\"contentUrl\":\"https:\/\/liisbet.ee\/wp-content\/uploads\/Kiivrid-2.jpg\",\"width\":4500,\"height\":3000,\"caption\":\"Liisbet Betoon\"},\"image\":{\"@id\":\"https:\/\/www.liisbet.ee\/ru\/#\/schema\/logo\/image\/\"}}]}<\/script>\n<!-- \/ Yoast SEO plugin. -->","yoast_head_json":{"title":"Forside - Liisbet Betoon","robots":{"index":"index","follow":"follow","max-snippet":"max-snippet:-1","max-image-preview":"max-image-preview:large","max-video-preview":"max-video-preview:-1"},"canonical":"https:\/\/liisbet.ee\/nb\/","og_locale":"nb_NO","og_type":"article","og_title":"Forside - Liisbet Betoon","og_url":"https:\/\/liisbet.ee\/nb\/","og_site_name":"Liisbet Betoon","article_modified_time":"2022-01-28T18:38:23+00:00","twitter_card":"summary_large_image","twitter_misc":{"Ansl. lesetid":"1 minutt"},"schema":{"@context":"https:\/\/schema.org","@graph":[{"@type":"WebPage","@id":"https:\/\/liisbet.ee\/nb\/","url":"https:\/\/liisbet.ee\/nb\/","name":"Forside - Liisbet Betoon","isPartOf":{"@id":"https:\/\/www.liisbet.ee\/ru\/#website"},"datePublished":"2015-02-03T17:42:45+00:00","dateModified":"2022-01-28T18:38:23+00:00","breadcrumb":{"@id":"https:\/\/liisbet.ee\/nb\/#breadcrumb"},"inLanguage":"nb-NO","potentialAction":[{"@type":"ReadAction","target":["https:\/\/liisbet.ee\/nb\/"]}]},{"@type":"BreadcrumbList","@id":"https:\/\/liisbet.ee\/nb\/#breadcrumb","itemListElement":[{"@type":"ListItem","position":1,"name":"Home","item":"https:\/\/liisbet.ee\/nb\/"},{"@type":"ListItem","position":2,"name":"Forside"}]},{"@type":"WebSite","@id":"https:\/\/www.liisbet.ee\/ru\/#website","url":"https:\/\/www.liisbet.ee\/ru\/","name":"Liisbet Betoon","description":"","publisher":{"@id":"https:\/\/www.liisbet.ee\/ru\/#organization"},"potentialAction":[{"@type":"SearchAction","target":{"@type":"EntryPoint","urlTemplate":"https:\/\/www.liisbet.ee\/ru\/?s={search_term_string}"},"query-input":{"@type":"PropertyValueSpecification","valueRequired":true,"valueName":"search_term_string"}}],"inLanguage":"nb-NO"},{"@type":"Organization","@id":"https:\/\/www.liisbet.ee\/ru\/#organization","name":"Liisbet Betoon","url":"https:\/\/www.liisbet.ee\/ru\/","logo":{"@type":"ImageObject","inLanguage":"nb-NO","@id":"https:\/\/www.liisbet.ee\/ru\/#\/schema\/logo\/image\/","url":"https:\/\/liisbet.ee\/wp-content\/uploads\/Kiivrid-2.jpg","contentUrl":"https:\/\/liisbet.ee\/wp-content\/uploads\/Kiivrid-2.jpg","width":4500,"height":3000,"caption":"Liisbet Betoon"},"image":{"@id":"https:\/\/www.liisbet.ee\/ru\/#\/schema\/logo\/image\/"}}]}},"_links":{"self":[{"href":"https:\/\/liisbet.ee\/nb\/wp-json\/wp\/v2\/pages\/950"}],"collection":[{"href":"https:\/\/liisbet.ee\/nb\/wp-json\/wp\/v2\/pages"}],"about":[{"href":"https:\/\/liisbet.ee\/nb\/wp-json\/wp\/v2\/types\/page"}],"author":[{"embeddable":true,"href":"https:\/\/liisbet.ee\/nb\/wp-json\/wp\/v2\/users\/1"}],"replies":[{"embeddable":true,"href":"https:\/\/liisbet.ee\/nb\/wp-json\/wp\/v2\/comments?post=950"}],"version-history":[{"count":5,"href":"https:\/\/liisbet.ee\/nb\/wp-json\/wp\/v2\/pages\/950\/revisions"}],"predecessor-version":[{"id":1355,"href":"https:\/\/liisbet.ee\/nb\/wp-json\/wp\/v2\/pages\/950\/revisions\/1355"}],"wp:attachment":[{"href":"https:\/\/liisbet.ee\/nb\/wp-json\/wp\/v2\/media?parent=950"}],"curies":[{"name":"wp","href":"https:\/\/api.w.org\/{rel}","templated":true}]}}