{"id":1014,"date":"2015-02-03T17:42:45","date_gmt":"2015-02-03T17:42:45","guid":{"rendered":"https:\/\/www.liisbet.ee\/demoleht-2\/"},"modified":"2022-01-28T20:37:42","modified_gmt":"2022-01-28T18:37:42","slug":"demoleht","status":"publish","type":"page","link":"https:\/\/liisbet.ee\/fi\/","title":{"rendered":"Etusivu"},"content":{"rendered":"<p><div class=\"column one-second mobile-one\"><div class=\"mcb-column-inner\"><br \/>\nO\u00dc Liisbet Betoon J\u00f5hvin betonituotteiden tehdas on valmistanut erilaisia betonituotteita jo vuodesta 2006. Yritys on keskittynyt hankepohjaisiin sek\u00e4 haasteellisten ja vaativien betoniosien valmistukseen. Valmistamme markkinoille p\u00e4\u00e4asiallisesti porraselementtej\u00e4 ja parvekelaattoja, mutta my\u00f6s perustusten osia, sokkeleita, pilareita, palkkeja, palkkiharkkoja yms. Infrastruktuuriyrityksille valmistamme erilaisia s\u00e4hk\u00f6asemien ja verkkolaitteiden perustuksia, tiekaiteita, kaivoja ym.<\/p>\n<p>Meid\u00e4n tehtaalle on annettu EU-sertifikaatit, jotka todistavat erilaisten betonivalmistuotteiden, tankoelementtien, portaiden, sein\u00e4elementtien, perustuspaalujen ja perustuselementtien valmistustavan t\u00e4ytt\u00e4v\u00e4n voimassa olevien standardien asettamat vaatimukset.<\/p>\n<p>Meid\u00e4n rakennustuotteita on asennettu urheilukenttiin Tukholmassa ja Virossa, kerrostaloihin Suomessa, Ruotsissa ja Virossa, my\u00f6s Koidulan rajanylityspisteeseen, Eesti Elektrijaamad \u2013 s\u00e4hk\u00f6voimaloiden, tuuligeneraattoreiden, s\u00e4hk\u00f6asemien, aurinkoasemien, s\u00e4teilynvalvontalaitteiden, ravitsemusliikkeiden, maanalaisten linjastojen ja satojen erilaisten rakennuskohteiden rakennusurakoissa.<\/p>\n<p>Kaikki olemassa olevat ja uudet asiakkaat toivotetaan aina tervetulleiksi!<\/p>\n<p><\/div><\/div>\n<br \/>\n<div class=\"column one-second mobile-one\"><div class=\"mcb-column-inner\"><\/p>\n<p>ngg_shortcode_0_placeholder<br \/>\n<\/div><\/div>\n<\/p>\n","protected":false},"excerpt":{"rendered":"","protected":false},"author":1,"featured_media":0,"parent":0,"menu_order":0,"comment_status":"open","ping_status":"open","template":"","meta":{"ngg_post_thumbnail":0,"footnotes":""},"class_list":["post-1014","page","type-page","status-publish","hentry"],"yoast_head":"<!-- This site is optimized with the Yoast SEO plugin v23.7 - https:\/\/yoast.com\/wordpress\/plugins\/seo\/ -->\n<title>Etusivu - Liisbet Betoon<\/title>\n<meta name=\"robots\" content=\"index, follow, max-snippet:-1, max-image-preview:large, max-video-preview:-1\" \/>\n<link rel=\"canonical\" href=\"https:\/\/www.liisbet.ee\/fi\/\" \/>\n<meta property=\"og:locale\" content=\"fi_FI\" \/>\n<meta property=\"og:type\" content=\"article\" \/>\n<meta property=\"og:title\" content=\"Etusivu - Liisbet Betoon\" \/>\n<meta property=\"og:url\" content=\"https:\/\/www.liisbet.ee\/fi\/\" \/>\n<meta property=\"og:site_name\" content=\"Liisbet Betoon\" \/>\n<meta property=\"article:modified_time\" content=\"2022-01-28T18:37:42+00:00\" \/>\n<meta name=\"twitter:card\" content=\"summary_large_image\" \/>\n<meta name=\"twitter:label1\" content=\"Arvioitu lukuaika\" \/>\n\t<meta name=\"twitter:data1\" content=\"1 minuutti\" \/>\n<script type=\"application\/ld+json\" class=\"yoast-schema-graph\">{\"@context\":\"https:\/\/schema.org\",\"@graph\":[{\"@type\":\"WebPage\",\"@id\":\"https:\/\/www.liisbet.ee\/fi\/\",\"url\":\"https:\/\/www.liisbet.ee\/fi\/\",\"name\":\"Etusivu - Liisbet Betoon\",\"isPartOf\":{\"@id\":\"https:\/\/www.liisbet.ee\/ru\/#website\"},\"datePublished\":\"2015-02-03T17:42:45+00:00\",\"dateModified\":\"2022-01-28T18:37:42+00:00\",\"breadcrumb\":{\"@id\":\"https:\/\/www.liisbet.ee\/fi\/#breadcrumb\"},\"inLanguage\":\"fi\",\"potentialAction\":[{\"@type\":\"ReadAction\",\"target\":[\"https:\/\/www.liisbet.ee\/fi\/\"]}]},{\"@type\":\"BreadcrumbList\",\"@id\":\"https:\/\/www.liisbet.ee\/fi\/#breadcrumb\",\"itemListElement\":[{\"@type\":\"ListItem\",\"position\":1,\"name\":\"Home\",\"item\":\"https:\/\/www.liisbet.ee\/fi\/\"},{\"@type\":\"ListItem\",\"position\":2,\"name\":\"Etusivu\"}]},{\"@type\":\"WebSite\",\"@id\":\"https:\/\/www.liisbet.ee\/ru\/#website\",\"url\":\"https:\/\/www.liisbet.ee\/ru\/\",\"name\":\"Liisbet Betoon\",\"description\":\"\",\"publisher\":{\"@id\":\"https:\/\/www.liisbet.ee\/ru\/#organization\"},\"potentialAction\":[{\"@type\":\"SearchAction\",\"target\":{\"@type\":\"EntryPoint\",\"urlTemplate\":\"https:\/\/www.liisbet.ee\/ru\/?s={search_term_string}\"},\"query-input\":{\"@type\":\"PropertyValueSpecification\",\"valueRequired\":true,\"valueName\":\"search_term_string\"}}],\"inLanguage\":\"fi\"},{\"@type\":\"Organization\",\"@id\":\"https:\/\/www.liisbet.ee\/ru\/#organization\",\"name\":\"Liisbet Betoon\",\"url\":\"https:\/\/www.liisbet.ee\/ru\/\",\"logo\":{\"@type\":\"ImageObject\",\"inLanguage\":\"fi\",\"@id\":\"https:\/\/www.liisbet.ee\/ru\/#\/schema\/logo\/image\/\",\"url\":\"https:\/\/liisbet.ee\/wp-content\/uploads\/Kiivrid-2.jpg\",\"contentUrl\":\"https:\/\/liisbet.ee\/wp-content\/uploads\/Kiivrid-2.jpg\",\"width\":4500,\"height\":3000,\"caption\":\"Liisbet Betoon\"},\"image\":{\"@id\":\"https:\/\/www.liisbet.ee\/ru\/#\/schema\/logo\/image\/\"}}]}<\/script>\n<!-- \/ Yoast SEO plugin. -->","yoast_head_json":{"title":"Etusivu - Liisbet Betoon","robots":{"index":"index","follow":"follow","max-snippet":"max-snippet:-1","max-image-preview":"max-image-preview:large","max-video-preview":"max-video-preview:-1"},"canonical":"https:\/\/www.liisbet.ee\/fi\/","og_locale":"fi_FI","og_type":"article","og_title":"Etusivu - Liisbet Betoon","og_url":"https:\/\/www.liisbet.ee\/fi\/","og_site_name":"Liisbet Betoon","article_modified_time":"2022-01-28T18:37:42+00:00","twitter_card":"summary_large_image","twitter_misc":{"Arvioitu lukuaika":"1 minuutti"},"schema":{"@context":"https:\/\/schema.org","@graph":[{"@type":"WebPage","@id":"https:\/\/www.liisbet.ee\/fi\/","url":"https:\/\/www.liisbet.ee\/fi\/","name":"Etusivu - Liisbet Betoon","isPartOf":{"@id":"https:\/\/www.liisbet.ee\/ru\/#website"},"datePublished":"2015-02-03T17:42:45+00:00","dateModified":"2022-01-28T18:37:42+00:00","breadcrumb":{"@id":"https:\/\/www.liisbet.ee\/fi\/#breadcrumb"},"inLanguage":"fi","potentialAction":[{"@type":"ReadAction","target":["https:\/\/www.liisbet.ee\/fi\/"]}]},{"@type":"BreadcrumbList","@id":"https:\/\/www.liisbet.ee\/fi\/#breadcrumb","itemListElement":[{"@type":"ListItem","position":1,"name":"Home","item":"https:\/\/www.liisbet.ee\/fi\/"},{"@type":"ListItem","position":2,"name":"Etusivu"}]},{"@type":"WebSite","@id":"https:\/\/www.liisbet.ee\/ru\/#website","url":"https:\/\/www.liisbet.ee\/ru\/","name":"Liisbet Betoon","description":"","publisher":{"@id":"https:\/\/www.liisbet.ee\/ru\/#organization"},"potentialAction":[{"@type":"SearchAction","target":{"@type":"EntryPoint","urlTemplate":"https:\/\/www.liisbet.ee\/ru\/?s={search_term_string}"},"query-input":{"@type":"PropertyValueSpecification","valueRequired":true,"valueName":"search_term_string"}}],"inLanguage":"fi"},{"@type":"Organization","@id":"https:\/\/www.liisbet.ee\/ru\/#organization","name":"Liisbet Betoon","url":"https:\/\/www.liisbet.ee\/ru\/","logo":{"@type":"ImageObject","inLanguage":"fi","@id":"https:\/\/www.liisbet.ee\/ru\/#\/schema\/logo\/image\/","url":"https:\/\/liisbet.ee\/wp-content\/uploads\/Kiivrid-2.jpg","contentUrl":"https:\/\/liisbet.ee\/wp-content\/uploads\/Kiivrid-2.jpg","width":4500,"height":3000,"caption":"Liisbet Betoon"},"image":{"@id":"https:\/\/www.liisbet.ee\/ru\/#\/schema\/logo\/image\/"}}]}},"_links":{"self":[{"href":"https:\/\/liisbet.ee\/fi\/wp-json\/wp\/v2\/pages\/1014"}],"collection":[{"href":"https:\/\/liisbet.ee\/fi\/wp-json\/wp\/v2\/pages"}],"about":[{"href":"https:\/\/liisbet.ee\/fi\/wp-json\/wp\/v2\/types\/page"}],"author":[{"embeddable":true,"href":"https:\/\/liisbet.ee\/fi\/wp-json\/wp\/v2\/users\/1"}],"replies":[{"embeddable":true,"href":"https:\/\/liisbet.ee\/fi\/wp-json\/wp\/v2\/comments?post=1014"}],"version-history":[{"count":5,"href":"https:\/\/liisbet.ee\/fi\/wp-json\/wp\/v2\/pages\/1014\/revisions"}],"predecessor-version":[{"id":1354,"href":"https:\/\/liisbet.ee\/fi\/wp-json\/wp\/v2\/pages\/1014\/revisions\/1354"}],"wp:attachment":[{"href":"https:\/\/liisbet.ee\/fi\/wp-json\/wp\/v2\/media?parent=1014"}],"curies":[{"name":"wp","href":"https:\/\/api.w.org\/{rel}","templated":true}]}}